{"id":113423,"date":"2023-07-07T11:23:47","date_gmt":"2023-07-07T14:23:47","guid":{"rendered":"https:\/\/gayateste.gayateste.online\/?page_id=113423"},"modified":"2023-07-07T11:26:11","modified_gmt":"2023-07-07T14:26:11","slug":"politica-de-cookies-e-privacidade","status":"publish","type":"page","link":"https:\/\/gayateste.gayateste.online\/en\/politica-de-cookies-e-privacidade\/","title":{"rendered":"Pol\u00edtica de cookies e privacidade"},"content":{"rendered":"<div data-elementor-type=\"wp-page\" data-elementor-id=\"113423\" class=\"elementor elementor-113423\">\n\t\t\t\t<div class=\"elementor-element elementor-element-88e2c2d e-flex e-con-boxed e-con e-parent\" data-id=\"88e2c2d\" data-element_type=\"container\" data-e-type=\"container\">\n\t\t\t\t\t<div class=\"e-con-inner\">\n\t\t\t\t<div class=\"elementor-element elementor-element-8d0ecf1 elementor-widget elementor-widget-heading\" data-id=\"8d0ecf1\" data-element_type=\"widget\" data-e-type=\"widget\" data-widget_type=\"heading.default\">\n\t\t\t\t<div class=\"elementor-widget-container\">\n\t\t\t\t\t<h2 class=\"elementor-heading-title elementor-size-default\">Pol\u00edtica de cookies <\/h2>\t\t\t\t<\/div>\n\t\t\t\t<\/div>\n\t\t\t\t<div class=\"elementor-element elementor-element-390c363 elementor-widget elementor-widget-text-editor\" data-id=\"390c363\" data-element_type=\"widget\" data-e-type=\"widget\" data-widget_type=\"text-editor.default\">\n\t\t\t\t<div class=\"elementor-widget-container\">\n\t\t\t\t\t\t\t\t\t<h3>Sobre esta pol\u00edtica de cookies<\/h3>\n<div>Esta&nbsp;<strong>Pol\u00edtica de Cookies<\/strong>&nbsp;explica o que s\u00e3o cookies e como os usamos. Voc\u00ea deve ler esta pol\u00edtica para entender o que s\u00e3o cookies, como os usamos, os tipos de cookies que usamos, ou seja, as informa\u00e7\u00f5es que coletamos usando cookies e como essas informa\u00e7\u00f5es s\u00e3o usadas e como controlar as prefer\u00eancias de cookies.<\/div>\n<div>&nbsp;<\/div>\n<div>Para obter mais informa\u00e7\u00f5es sobre como usamos, armazenamos e mantemos seus dados pessoais seguros, consulte nossa&nbsp;<strong>Pol\u00edtica de Privacidade<\/strong>.<\/div>\n<div>&nbsp;<\/div>\n<div>Voc\u00ea pode, a qualquer momento, alterar ou retirar seu consentimento da&nbsp;<strong>Declara\u00e7\u00e3o de Cookies<\/strong>&nbsp;em nosso site. Saiba mais sobre quem somos, como voc\u00ea pode nos contatar e como processamos dados pessoais em nossa&nbsp;<strong>Pol\u00edtica de Privacidade<\/strong>.<\/div>\n<div>&nbsp;<\/div>\n<div>Seu consentimento se aplica aos seguintes dom\u00ednios:&nbsp;<strong>www.agenciagaya.com.br<\/strong><\/div>\n<div>\n<div class=\"cli_user_consent_state\">Seu estado atual: Consentimento aceito.&nbsp;<a class=\"cli_manage_current_consent\">Gerenciar consentimento.<\/a><\/div>\n<\/div>\n<h3><br><\/h3><h3>O que s\u00e3o Cookies?<\/h3>\n<div>Cookies s\u00e3o pequenos arquivos de texto usados para armazenar pequenas informa\u00e7\u00f5es. Os cookies s\u00e3o armazenados em seu dispositivo quando o site \u00e9 carregado em seu navegador. Esses cookies nos ajudam a fazer o site funcionar corretamente, torn\u00e1-lo mais seguro, fornecer uma melhor experi\u00eancia do usu\u00e1rio e entender como o site funciona e analisar o que funciona e onde precisa ser melhorado.<\/div>\n<h3><br><\/h3><h3>Como usamos os Cookies?<\/h3>\n<div>\n<p>Como a maioria dos servi\u00e7os online, nosso site usa cookies pr\u00f3prios e cookies de terceiros para v\u00e1rios fins. Os cookies prim\u00e1rios s\u00e3o principalmente necess\u00e1rios para o funcionamento correto do site e n\u00e3o coletam nenhum de seus dados de identifica\u00e7\u00e3o pessoal.<\/p>\n<p>Os cookies de terceiros usados em nossos sites s\u00e3o usados principalmente para entender como o site funciona, como voc\u00ea interage com nosso site, mantendo nossos servi\u00e7os seguros, fornecendo an\u00fancios que s\u00e3o relevantes para voc\u00ea e, em suma, proporcionando-lhe uma melhor e melhor experi\u00eancia do usu\u00e1rio e ajudar a acelerar suas futuras intera\u00e7\u00f5es com nosso site.<\/p>\n<\/div>\n<h3><br><\/h3><h3>Que tipos de Cookies utilizamos?<\/h3>\n<div>\n<p>Essencial: Alguns cookies s\u00e3o essenciais para que voc\u00ea possa experimentar todas as funcionalidades do nosso site. Eles nos permitem manter as sess\u00f5es do usu\u00e1rio e prevenir quaisquer amea\u00e7as \u00e0 seguran\u00e7a.&nbsp;<strong>Eles n\u00e3o coletam ou armazenam nenhuma informa\u00e7\u00e3o pessoal.<\/strong><\/p>\n<p>Por exemplo, esses cookies permitem que voc\u00ea fa\u00e7a login em sua conta e adicione produtos \u00e0 sua cesta e finalize a compra com seguran\u00e7a.<\/p>\n<p><strong>\u2022 Estat\u00edsticas:<\/strong>&nbsp;Esses cookies armazenam informa\u00e7\u00f5es como o n\u00famero de visitantes do site, o n\u00famero de visitantes \u00fanicos, quais p\u00e1ginas do site foram visitadas, a origem da visita, etc.<\/p>\n<p>Esses dados nos ajudam a compreender e analisar o desempenho do site e onde precisa de melhorias.<\/p>\n<p><strong>\u2022 Marketing:<\/strong>&nbsp;Nosso site exibe an\u00fancios. Esses cookies s\u00e3o usados para personalizar os an\u00fancios que mostramos a voc\u00ea para que sejam significativos para voc\u00ea.<\/p>\n<p>Esses cookies tamb\u00e9m nos ajudam a acompanhar a efici\u00eancia dessas campanhas publicit\u00e1rias. As informa\u00e7\u00f5es armazenadas nesses cookies tamb\u00e9m podem ser usadas por provedores de an\u00fancios de terceiros para exibir an\u00fancios em outros sites no navegador tamb\u00e9m.<\/p>\n<p><strong>\u2022 Funcionais:<\/strong>&nbsp;s\u00e3o os cookies que auxiliam certas funcionalidades n\u00e3o essenciais do nosso site.<\/p>\n<p>Essas funcionalidades incluem a incorpora\u00e7\u00e3o de conte\u00fado como v\u00eddeos ou o compartilhamento de conte\u00fado no site em plataformas de m\u00eddia social.<\/p>\n<p><strong>\u2022 Prefer\u00eancias:<\/strong>&nbsp;Esses cookies nos ajudam a armazenar suas configura\u00e7\u00f5es e prefer\u00eancias de navega\u00e7\u00e3o, como prefer\u00eancias de idioma, para que voc\u00ea tenha uma experi\u00eancia melhor e eficiente em futuras visitas ao site.<\/p>\n<\/div>\n<h3><br><\/h3><h3>Como defino minhas prefer\u00eancias de Cookies?<\/h3>\n<div>\n<p>Caso decida alterar suas prefer\u00eancias posteriormente durante a sess\u00e3o de navega\u00e7\u00e3o, voc\u00ea pode clicar na guia \u201c<strong>Pol\u00edtica de Privacidade e Cookies<\/strong>\u201d em sua tela. Isso exibir\u00e1 o aviso de consentimento novamente, permitindo que voc\u00ea altere suas prefer\u00eancias ou retire totalmente o seu consentimento.<\/p>\n<p>Al\u00e9m disso, diferentes navegadores fornecem m\u00e9todos diferentes para bloquear e excluir cookies usados por sites. Voc\u00ea pode alterar as configura\u00e7\u00f5es do seu navegador para bloquear \/ excluir os cookies.<\/p>\n<p>Para saber mais sobre como gerenciar e excluir cookies, visite wikipedia.org, www.allaboutcookies.org.<\/p>\n<\/div>\t\t\t\t\t\t\t\t<\/div>\n\t\t\t\t<\/div>\n\t\t\t\t\t<\/div>\n\t\t\t\t<\/div>\n\t\t\t\t<\/div>","protected":false},"excerpt":{"rendered":"<p>Pol\u00edtica de cookies Sobre esta pol\u00edtica de cookies Esta&nbsp;Pol\u00edtica de Cookies&nbsp;explica o que s\u00e3o cookies e como os usamos. Voc\u00ea deve ler esta pol\u00edtica para entender o que s\u00e3o cookies, como os usamos, os tipos de cookies que usamos, ou seja, as informa\u00e7\u00f5es que coletamos usando cookies e como essas informa\u00e7\u00f5es s\u00e3o usadas e como [&hellip;]<\/p>\n","protected":false},"author":5,"featured_media":0,"parent":0,"menu_order":0,"comment_status":"closed","ping_status":"closed","template":"elementor_canvas","meta":{"footnotes":""},"class_list":["post-113423","page","type-page","status-publish","hentry"],"yoast_head":"<!-- This site is optimized with the Yoast SEO plugin v27.4 - https:\/\/yoast.com\/product\/yoast-seo-wordpress\/ -->\n<title>Pol\u00edtica de cookies e privacidade - GAYA - Ag\u00eancia de Marketing Digital<\/title>\n<meta name=\"robots\" content=\"index, follow, max-snippet:-1, max-image-preview:large, max-video-preview:-1\" \/>\n<link rel=\"canonical\" href=\"https:\/\/gayateste.gayateste.online\/en\/politica-de-cookies-e-privacidade\/\" \/>\n<meta property=\"og:locale\" content=\"en_US\" \/>\n<meta property=\"og:type\" content=\"article\" \/>\n<meta property=\"og:title\" content=\"Pol\u00edtica de cookies e privacidade - GAYA - Ag\u00eancia de Marketing Digital\" \/>\n<meta property=\"og:description\" content=\"Pol\u00edtica de cookies Sobre esta pol\u00edtica de cookies Esta&nbsp;Pol\u00edtica de Cookies&nbsp;explica o que s\u00e3o cookies e como os usamos. Voc\u00ea deve ler esta pol\u00edtica para entender o que s\u00e3o cookies, como os usamos, os tipos de cookies que usamos, ou seja, as informa\u00e7\u00f5es que coletamos usando cookies e como essas informa\u00e7\u00f5es s\u00e3o usadas e como [&hellip;]\" \/>\n<meta property=\"og:url\" content=\"https:\/\/gayateste.gayateste.online\/en\/politica-de-cookies-e-privacidade\/\" \/>\n<meta property=\"og:site_name\" content=\"GAYA - Ag\u00eancia de Marketing Digital\" \/>\n<meta property=\"article:publisher\" content=\"https:\/\/www.facebook.com\/gayaperformance\/\" \/>\n<meta property=\"article:modified_time\" content=\"2023-07-07T14:26:11+00:00\" \/>\n<meta name=\"twitter:card\" content=\"summary_large_image\" \/>\n<meta name=\"twitter:label1\" content=\"Est. reading time\" \/>\n\t<meta name=\"twitter:data1\" content=\"4 minutes\" \/>\n<script type=\"application\/ld+json\" class=\"yoast-schema-graph\">{\"@context\":\"https:\\\/\\\/schema.org\",\"@graph\":[{\"@type\":\"WebPage\",\"@id\":\"https:\\\/\\\/gayateste.gayateste.online\\\/politica-de-cookies-e-privacidade\\\/\",\"url\":\"https:\\\/\\\/gayateste.gayateste.online\\\/politica-de-cookies-e-privacidade\\\/\",\"name\":\"Pol\u00edtica de cookies e privacidade - GAYA - Ag\u00eancia de Marketing Digital\",\"isPartOf\":{\"@id\":\"https:\\\/\\\/gayateste.gayateste.online\\\/#website\"},\"datePublished\":\"2023-07-07T14:23:47+00:00\",\"dateModified\":\"2023-07-07T14:26:11+00:00\",\"breadcrumb\":{\"@id\":\"https:\\\/\\\/gayateste.gayateste.online\\\/politica-de-cookies-e-privacidade\\\/#breadcrumb\"},\"inLanguage\":\"en-US\",\"potentialAction\":[{\"@type\":\"ReadAction\",\"target\":[\"https:\\\/\\\/gayateste.gayateste.online\\\/politica-de-cookies-e-privacidade\\\/\"]}]},{\"@type\":\"BreadcrumbList\",\"@id\":\"https:\\\/\\\/gayateste.gayateste.online\\\/politica-de-cookies-e-privacidade\\\/#breadcrumb\",\"itemListElement\":[{\"@type\":\"ListItem\",\"position\":1,\"name\":\"In\u00edcio\",\"item\":\"https:\\\/\\\/gayateste.gayateste.online\\\/\"},{\"@type\":\"ListItem\",\"position\":2,\"name\":\"Pol\u00edtica de cookies e privacidade\"}]},{\"@type\":\"WebSite\",\"@id\":\"https:\\\/\\\/gayateste.gayateste.online\\\/#website\",\"url\":\"https:\\\/\\\/gayateste.gayateste.online\\\/\",\"name\":\"GAYA - Ag\u00eancia de Marketing Digital\",\"description\":\"\",\"publisher\":{\"@id\":\"https:\\\/\\\/gayateste.gayateste.online\\\/#organization\"},\"potentialAction\":[{\"@type\":\"SearchAction\",\"target\":{\"@type\":\"EntryPoint\",\"urlTemplate\":\"https:\\\/\\\/gayateste.gayateste.online\\\/?s={search_term_string}\"},\"query-input\":{\"@type\":\"PropertyValueSpecification\",\"valueRequired\":true,\"valueName\":\"search_term_string\"}}],\"inLanguage\":\"en-US\"},{\"@type\":\"Organization\",\"@id\":\"https:\\\/\\\/gayateste.gayateste.online\\\/#organization\",\"name\":\"Ag\u00eancia GAYA - Ag\u00eancia de Marketing Digital\",\"url\":\"https:\\\/\\\/gayateste.gayateste.online\\\/\",\"logo\":{\"@type\":\"ImageObject\",\"inLanguage\":\"en-US\",\"@id\":\"https:\\\/\\\/gayateste.gayateste.online\\\/#\\\/schema\\\/logo\\\/image\\\/\",\"url\":\"https:\\\/\\\/gayateste.gayateste.online\\\/wp-content\\\/uploads\\\/2020\\\/06\\\/logo-gaya-agencia-marketing-digital-maringa-performance-pequena-dourada.png\",\"contentUrl\":\"https:\\\/\\\/gayateste.gayateste.online\\\/wp-content\\\/uploads\\\/2020\\\/06\\\/logo-gaya-agencia-marketing-digital-maringa-performance-pequena-dourada.png\",\"width\":119,\"height\":42,\"caption\":\"Ag\u00eancia GAYA - Ag\u00eancia de Marketing Digital\"},\"image\":{\"@id\":\"https:\\\/\\\/gayateste.gayateste.online\\\/#\\\/schema\\\/logo\\\/image\\\/\"},\"sameAs\":[\"https:\\\/\\\/www.facebook.com\\\/gayaperformance\\\/\",\"https:\\\/\\\/www.instagram.com\\\/gayaperformance\\\/\",\"https:\\\/\\\/www.youtube.com\\\/channel\\\/UCG2Tq3_8cFqrr2sJGJttkhQ\"]}]}<\/script>\n<!-- \/ Yoast SEO plugin. -->","yoast_head_json":{"title":"Pol\u00edtica de cookies e privacidade - GAYA - Ag\u00eancia de Marketing Digital","robots":{"index":"index","follow":"follow","max-snippet":"max-snippet:-1","max-image-preview":"max-image-preview:large","max-video-preview":"max-video-preview:-1"},"canonical":"https:\/\/gayateste.gayateste.online\/en\/politica-de-cookies-e-privacidade\/","og_locale":"en_US","og_type":"article","og_title":"Pol\u00edtica de cookies e privacidade - GAYA - Ag\u00eancia de Marketing Digital","og_description":"Pol\u00edtica de cookies Sobre esta pol\u00edtica de cookies Esta&nbsp;Pol\u00edtica de Cookies&nbsp;explica o que s\u00e3o cookies e como os usamos. Voc\u00ea deve ler esta pol\u00edtica para entender o que s\u00e3o cookies, como os usamos, os tipos de cookies que usamos, ou seja, as informa\u00e7\u00f5es que coletamos usando cookies e como essas informa\u00e7\u00f5es s\u00e3o usadas e como [&hellip;]","og_url":"https:\/\/gayateste.gayateste.online\/en\/politica-de-cookies-e-privacidade\/","og_site_name":"GAYA - Ag\u00eancia de Marketing Digital","article_publisher":"https:\/\/www.facebook.com\/gayaperformance\/","article_modified_time":"2023-07-07T14:26:11+00:00","twitter_card":"summary_large_image","twitter_misc":{"Est. reading time":"4 minutes"},"schema":{"@context":"https:\/\/schema.org","@graph":[{"@type":"WebPage","@id":"https:\/\/gayateste.gayateste.online\/politica-de-cookies-e-privacidade\/","url":"https:\/\/gayateste.gayateste.online\/politica-de-cookies-e-privacidade\/","name":"Pol\u00edtica de cookies e privacidade - GAYA - Ag\u00eancia de Marketing Digital","isPartOf":{"@id":"https:\/\/gayateste.gayateste.online\/#website"},"datePublished":"2023-07-07T14:23:47+00:00","dateModified":"2023-07-07T14:26:11+00:00","breadcrumb":{"@id":"https:\/\/gayateste.gayateste.online\/politica-de-cookies-e-privacidade\/#breadcrumb"},"inLanguage":"en-US","potentialAction":[{"@type":"ReadAction","target":["https:\/\/gayateste.gayateste.online\/politica-de-cookies-e-privacidade\/"]}]},{"@type":"BreadcrumbList","@id":"https:\/\/gayateste.gayateste.online\/politica-de-cookies-e-privacidade\/#breadcrumb","itemListElement":[{"@type":"ListItem","position":1,"name":"In\u00edcio","item":"https:\/\/gayateste.gayateste.online\/"},{"@type":"ListItem","position":2,"name":"Pol\u00edtica de cookies e privacidade"}]},{"@type":"WebSite","@id":"https:\/\/gayateste.gayateste.online\/#website","url":"https:\/\/gayateste.gayateste.online\/","name":"GAYA - Ag\u00eancia de Marketing Digital","description":"","publisher":{"@id":"https:\/\/gayateste.gayateste.online\/#organization"},"potentialAction":[{"@type":"SearchAction","target":{"@type":"EntryPoint","urlTemplate":"https:\/\/gayateste.gayateste.online\/?s={search_term_string}"},"query-input":{"@type":"PropertyValueSpecification","valueRequired":true,"valueName":"search_term_string"}}],"inLanguage":"en-US"},{"@type":"Organization","@id":"https:\/\/gayateste.gayateste.online\/#organization","name":"Ag\u00eancia GAYA - Ag\u00eancia de Marketing Digital","url":"https:\/\/gayateste.gayateste.online\/","logo":{"@type":"ImageObject","inLanguage":"en-US","@id":"https:\/\/gayateste.gayateste.online\/#\/schema\/logo\/image\/","url":"https:\/\/gayateste.gayateste.online\/wp-content\/uploads\/2020\/06\/logo-gaya-agencia-marketing-digital-maringa-performance-pequena-dourada.png","contentUrl":"https:\/\/gayateste.gayateste.online\/wp-content\/uploads\/2020\/06\/logo-gaya-agencia-marketing-digital-maringa-performance-pequena-dourada.png","width":119,"height":42,"caption":"Ag\u00eancia GAYA - Ag\u00eancia de Marketing Digital"},"image":{"@id":"https:\/\/gayateste.gayateste.online\/#\/schema\/logo\/image\/"},"sameAs":["https:\/\/www.facebook.com\/gayaperformance\/","https:\/\/www.instagram.com\/gayaperformance\/","https:\/\/www.youtube.com\/channel\/UCG2Tq3_8cFqrr2sJGJttkhQ"]}]}},"_links":{"self":[{"href":"https:\/\/gayateste.gayateste.online\/en\/wp-json\/wp\/v2\/pages\/113423","targetHints":{"allow":["GET"]}}],"collection":[{"href":"https:\/\/gayateste.gayateste.online\/en\/wp-json\/wp\/v2\/pages"}],"about":[{"href":"https:\/\/gayateste.gayateste.online\/en\/wp-json\/wp\/v2\/types\/page"}],"author":[{"embeddable":true,"href":"https:\/\/gayateste.gayateste.online\/en\/wp-json\/wp\/v2\/users\/5"}],"replies":[{"embeddable":true,"href":"https:\/\/gayateste.gayateste.online\/en\/wp-json\/wp\/v2\/comments?post=113423"}],"version-history":[{"count":0,"href":"https:\/\/gayateste.gayateste.online\/en\/wp-json\/wp\/v2\/pages\/113423\/revisions"}],"wp:attachment":[{"href":"https:\/\/gayateste.gayateste.online\/en\/wp-json\/wp\/v2\/media?parent=113423"}],"curies":[{"name":"wp","href":"https:\/\/api.w.org\/{rel}","templated":true}]}}